{"id":128,"date":"2021-07-08T10:24:37","date_gmt":"2021-07-08T08:24:37","guid":{"rendered":"http:\/\/clickncollect.crous-reims.fr\/reims\/?page_id=128"},"modified":"2023-03-30T10:26:18","modified_gmt":"2023-03-30T08:26:18","slug":"politique-de-confidentialite","status":"publish","type":"page","link":"https:\/\/crousandgo.crous-reims.fr\/reims\/politique-de-confidentialite\/","title":{"rendered":"Politique de Confidentialit\u00e9"},"content":{"rendered":"\t\t<div data-elementor-type=\"wp-page\" data-elementor-id=\"128\" class=\"elementor elementor-128\" data-elementor-post-type=\"page\">\n\t\t\t\t\t\t<section class=\"elementor-section elementor-top-section elementor-element elementor-element-6b9d737 elementor-section-boxed elementor-section-height-default elementor-section-height-default\" data-id=\"6b9d737\" data-element_type=\"section\" data-e-type=\"section\">\n\t\t\t\t\t\t<div class=\"elementor-container elementor-column-gap-default\">\n\t\t\t\t\t<div class=\"elementor-column elementor-col-100 elementor-top-column elementor-element elementor-element-cfdb3e3\" data-id=\"cfdb3e3\" data-element_type=\"column\" data-e-type=\"column\">\n\t\t\t<div class=\"elementor-widget-wrap elementor-element-populated\">\n\t\t\t\t\t\t<div class=\"elementor-element elementor-element-2518155 elementor-widget elementor-widget-text-editor\" data-id=\"2518155\" data-element_type=\"widget\" data-e-type=\"widget\" data-widget_type=\"text-editor.default\">\n\t\t\t\t<div class=\"elementor-widget-container\">\n\t\t\t\t\t\t\t\t\t<p>Qui sommes-nous ?<br><br>L\u2019adresse de notre site Web est : https:\/\/crousandgo.crous-reims.fr.<br><br>Utilisation des donn\u00e9es personnelles collect\u00e9es<br><br>Les informations<br>recueillies sur ce site sont enregistr\u00e9es dans un fichier informatis\u00e9 par le CROUS de Reims pour permettre de passer en ligne la commande de formules repas.<br>La base l\u00e9gale du traitement est le consentement de la personne.<br><br>Les donn\u00e9es collect\u00e9es seront communiqu\u00e9es aux seuls destinataires suivants : les agents du CROUS de Reims.<br><br>Les donn\u00e9es sont conserv\u00e9es pendant 3 jours pour toute commande sans cr\u00e9er de compte. Si un compte est cr\u00e9\u00e9 par le client, les donn\u00e9es seront conserv\u00e9es jusqu\u2019\u00e0 l\u2019\u00e9ch\u00e9ance de l\u2019ann\u00e9e universitaire en cours.<br><br>Vous pouvez acc\u00e9der aux donn\u00e9es vous concernant, les rectifier, demander leur effacement ou exercer votre droit \u00e0 la limitation du traitement de vos donn\u00e9es.&nbsp; Vous pouvez retirer \u00e0 tout moment votre consentement au traitement de vos donn\u00e9es ; Vous pouvez \u00e9galement vous opposer au traitement de vos donn\u00e9es ; Vous pouvez<br>\u00e9galement exercer votre droit \u00e0 la portabilit\u00e9 de vos donn\u00e9es ; Vous pouvez \u00e9galement demander la suppression du<br>compte en ligne.<br><br>Consultez le site cnil.fr pour plus d\u2019informations sur vos droits.<br><br>Pour exercer ces droits ou pour toute question sur le traitement de vos donn\u00e9es dans ce dispositif, vous pouvez contacter le d\u00e9l\u00e9gu\u00e9 \u00e0 la protection des donn\u00e9es par messagerie \u00e9lectronique en \u00e9crivant \u00e0&nbsp; : dpo@crous-reims.fr ou en lui envoyant un courrier \u00e0 l\u2019adresse suivante : 14 B, all\u00e9e des Landais CS40046 &#8211; 51726 REIMS Cedex<br><br>Si vous estimez, apr\u00e8s nous avoir contact\u00e9s, que vos droits \u00ab Informatique et Libert\u00e9s \u00bb ne sont pas respect\u00e9s, vous<br>pouvez adresser une r\u00e9clamation \u00e0 la CNIL.<br><br>Statistiques et mesures d\u2019audience:<br>Une mesure d&rsquo;audience est faite sur notre site, mais ne stocke aucune donn\u00e9e personnelle<\/p>\t\t\t\t\t\t\t\t<\/div>\n\t\t\t\t<\/div>\n\t\t\t\t\t<\/div>\n\t\t<\/div>\n\t\t\t\t\t<\/div>\n\t\t<\/section>\n\t\t\t\t<\/div>\n\t\t","protected":false},"excerpt":{"rendered":"<p>Qui sommes-nous ? L\u2019adresse de notre site Web est : https:\/\/crousandgo.crous-reims.fr. Utilisation des donn\u00e9es personnelles collect\u00e9es Les informationsrecueillies sur ce site sont enregistr\u00e9es dans un fichier informatis\u00e9 par le CROUS de Reims pour permettre de passer en ligne la commande de formules repas.La base l\u00e9gale du traitement est le consentement de la personne. Les donn\u00e9es [&hellip;]<\/p>\n","protected":false},"author":1,"featured_media":0,"parent":0,"menu_order":0,"comment_status":"closed","ping_status":"closed","template":"","meta":{"site-sidebar-layout":"no-sidebar","site-content-layout":"page-builder","ast-site-content-layout":"default","site-content-style":"default","site-sidebar-style":"default","ast-global-header-display":"","ast-banner-title-visibility":"","ast-main-header-display":"","ast-hfb-above-header-display":"","ast-hfb-below-header-display":"","ast-hfb-mobile-header-display":"","site-post-title":"disabled","ast-breadcrumbs-content":"","ast-featured-img":"disabled","footer-sml-layout":"","ast-disable-related-posts":"","theme-transparent-header-meta":"default","adv-header-id-meta":"","stick-header-meta":"","header-above-stick-meta":"","header-main-stick-meta":"","header-below-stick-meta":"","astra-migrate-meta-layouts":"default","ast-page-background-enabled":"default","ast-page-background-meta":{"desktop":{"background-color":"","background-image":"","background-repeat":"repeat","background-position":"center center","background-size":"auto","background-attachment":"scroll","background-type":"","background-media":"","overlay-type":"","overlay-color":"","overlay-opacity":"","overlay-gradient":""},"tablet":{"background-color":"","background-image":"","background-repeat":"repeat","background-position":"center center","background-size":"auto","background-attachment":"scroll","background-type":"","background-media":"","overlay-type":"","overlay-color":"","overlay-opacity":"","overlay-gradient":""},"mobile":{"background-color":"","background-image":"","background-repeat":"repeat","background-position":"center center","background-size":"auto","background-attachment":"scroll","background-type":"","background-media":"","overlay-type":"","overlay-color":"","overlay-opacity":"","overlay-gradient":""}},"ast-content-background-meta":{"desktop":{"background-color":"var(--ast-global-color-5)","background-image":"","background-repeat":"repeat","background-position":"center center","background-size":"auto","background-attachment":"scroll","background-type":"","background-media":"","overlay-type":"","overlay-color":"","overlay-opacity":"","overlay-gradient":""},"tablet":{"background-color":"var(--ast-global-color-5)","background-image":"","background-repeat":"repeat","background-position":"center center","background-size":"auto","background-attachment":"scroll","background-type":"","background-media":"","overlay-type":"","overlay-color":"","overlay-opacity":"","overlay-gradient":""},"mobile":{"background-color":"var(--ast-global-color-5)","background-image":"","background-repeat":"repeat","background-position":"center center","background-size":"auto","background-attachment":"scroll","background-type":"","background-media":"","overlay-type":"","overlay-color":"","overlay-opacity":"","overlay-gradient":""}},"footnotes":""},"class_list":["post-128","page","type-page","status-publish","hentry"],"publishpress_future_action":{"enabled":false,"date":"2026-05-13 13:33:22","action":"change-status","newStatus":"draft","terms":[],"taxonomy":"","extraData":[]},"publishpress_future_workflow_manual_trigger":{"enabledWorkflows":[]},"_links":{"self":[{"href":"https:\/\/crousandgo.crous-reims.fr\/reims\/wp-json\/wp\/v2\/pages\/128","targetHints":{"allow":["GET"]}}],"collection":[{"href":"https:\/\/crousandgo.crous-reims.fr\/reims\/wp-json\/wp\/v2\/pages"}],"about":[{"href":"https:\/\/crousandgo.crous-reims.fr\/reims\/wp-json\/wp\/v2\/types\/page"}],"author":[{"embeddable":true,"href":"https:\/\/crousandgo.crous-reims.fr\/reims\/wp-json\/wp\/v2\/users\/1"}],"replies":[{"embeddable":true,"href":"https:\/\/crousandgo.crous-reims.fr\/reims\/wp-json\/wp\/v2\/comments?post=128"}],"version-history":[{"count":7,"href":"https:\/\/crousandgo.crous-reims.fr\/reims\/wp-json\/wp\/v2\/pages\/128\/revisions"}],"predecessor-version":[{"id":3896,"href":"https:\/\/crousandgo.crous-reims.fr\/reims\/wp-json\/wp\/v2\/pages\/128\/revisions\/3896"}],"wp:attachment":[{"href":"https:\/\/crousandgo.crous-reims.fr\/reims\/wp-json\/wp\/v2\/media?parent=128"}],"curies":[{"name":"wp","href":"https:\/\/api.w.org\/{rel}","templated":true}]}}