{"id":7948,"date":"2026-05-01T07:00:19","date_gmt":"2026-05-01T05:00:19","guid":{"rendered":"https:\/\/crousandgo.crous-reims.fr\/troyes\/?post_type=product&#038;p=7948"},"modified":"2026-04-29T11:04:10","modified_gmt":"2026-04-29T09:04:10","slug":"s1-plats-du-jour-du-jeudi-03-octobre-2024","status":"publish","type":"product","link":"https:\/\/crousandgo.crous-reims.fr\/troyes\/produit\/s1-plats-du-jour-du-jeudi-03-octobre-2024\/","title":{"rendered":"S1. Plats du jour du Jeudi 07 mai 2026"},"content":{"rendered":"","protected":false},"excerpt":{"rendered":"<p>Pr\u00e9sence possible des 12 allerg\u00e8nes : C\u00e9r\u00e9ales, gluten, crustac\u00e9s, \u0153ufs, poissons, arachides, soja, lait, lactose, fruits \u00e0 coques, c\u00e9leri, moutarde, s\u00e9same, anhydride sulfureux, sulfites, lupin, mollusque.<\/p>\n","protected":false},"featured_media":1617,"comment_status":"open","ping_status":"closed","template":"","meta":{"site-sidebar-layout":"default","site-content-layout":"","ast-site-content-layout":"default","site-content-style":"default","site-sidebar-style":"default","ast-global-header-display":"","ast-banner-title-visibility":"","ast-main-header-display":"","ast-hfb-above-header-display":"","ast-hfb-below-header-display":"","ast-hfb-mobile-header-display":"","site-post-title":"","ast-breadcrumbs-content":"","ast-featured-img":"","footer-sml-layout":"","ast-disable-related-posts":"","theme-transparent-header-meta":"default","adv-header-id-meta":"","stick-header-meta":"default","header-above-stick-meta":"","header-main-stick-meta":"","header-below-stick-meta":"","astra-migrate-meta-layouts":"set","ast-page-background-enabled":"default","ast-page-background-meta":{"desktop":{"background-color":"","background-image":"","background-repeat":"repeat","background-position":"center center","background-size":"auto","background-attachment":"scroll","background-type":"","background-media":"","overlay-type":"","overlay-color":"","overlay-opacity":"","overlay-gradient":""},"tablet":{"background-color":"","background-image":"","background-repeat":"repeat","background-position":"center center","background-size":"auto","background-attachment":"scroll","background-type":"","background-media":"","overlay-type":"","overlay-color":"","overlay-opacity":"","overlay-gradient":""},"mobile":{"background-color":"","background-image":"","background-repeat":"repeat","background-position":"center center","background-size":"auto","background-attachment":"scroll","background-type":"","background-media":"","overlay-type":"","overlay-color":"","overlay-opacity":"","overlay-gradient":""}},"ast-content-background-meta":{"desktop":{"background-color":"var(--ast-global-color-5)","background-image":"","background-repeat":"repeat","background-position":"center center","background-size":"auto","background-attachment":"scroll","background-type":"","background-media":"","overlay-type":"","overlay-color":"","overlay-opacity":"","overlay-gradient":""},"tablet":{"background-color":"var(--ast-global-color-5)","background-image":"","background-repeat":"repeat","background-position":"center center","background-size":"auto","background-attachment":"scroll","background-type":"","background-media":"","overlay-type":"","overlay-color":"","overlay-opacity":"","overlay-gradient":""},"mobile":{"background-color":"var(--ast-global-color-5)","background-image":"","background-repeat":"repeat","background-position":"center center","background-size":"auto","background-attachment":"scroll","background-type":"","background-media":"","overlay-type":"","overlay-color":"","overlay-opacity":"","overlay-gradient":""}}},"product_brand":[],"product_cat":[75],"product_tag":[],"giftcard-category":[],"class_list":{"0":"post-7948","1":"product","2":"type-product","3":"status-publish","4":"has-post-thumbnail","6":"product_cat-menu","7":"desktop-align-left","8":"tablet-align-left","9":"mobile-align-left","10":"ast-product-gallery-layout-horizontal-slider","11":"ast-product-gallery-with-no-image","12":"ast-product-single-variable","13":"ast-product-tabs-layout-horizontal","15":"first","16":"instock","17":"shipping-taxable","18":"purchasable","19":"product-type-variable"},"composite_virtual":false,"composite_layout":"","composite_add_to_cart_form_location":"","composite_editable_in_cart":false,"composite_sold_individually_context":"","composite_shop_price_calc":"","composite_components":[],"composite_scenarios":[],"publishpress_future_action":{"enabled":true,"date":"2026-05-07 01:32:00","action":"change-status","newStatus":"draft","terms":[0],"taxonomy":"product_cat","extraData":[]},"publishpress_future_workflow_manual_trigger":{"enabledWorkflows":[]},"_links":{"self":[{"href":"https:\/\/crousandgo.crous-reims.fr\/troyes\/wp-json\/wp\/v2\/product\/7948","targetHints":{"allow":["GET"]}}],"collection":[{"href":"https:\/\/crousandgo.crous-reims.fr\/troyes\/wp-json\/wp\/v2\/product"}],"about":[{"href":"https:\/\/crousandgo.crous-reims.fr\/troyes\/wp-json\/wp\/v2\/types\/product"}],"replies":[{"embeddable":true,"href":"https:\/\/crousandgo.crous-reims.fr\/troyes\/wp-json\/wp\/v2\/comments?post=7948"}],"version-history":[{"count":17,"href":"https:\/\/crousandgo.crous-reims.fr\/troyes\/wp-json\/wp\/v2\/product\/7948\/revisions"}],"predecessor-version":[{"id":15703,"href":"https:\/\/crousandgo.crous-reims.fr\/troyes\/wp-json\/wp\/v2\/product\/7948\/revisions\/15703"}],"wp:featuredmedia":[{"embeddable":true,"href":"https:\/\/crousandgo.crous-reims.fr\/troyes\/wp-json\/"}],"wp:attachment":[{"href":"https:\/\/crousandgo.crous-reims.fr\/troyes\/wp-json\/wp\/v2\/media?parent=7948"}],"wp:term":[{"taxonomy":"product_brand","embeddable":true,"href":"https:\/\/crousandgo.crous-reims.fr\/troyes\/wp-json\/wp\/v2\/product_brand?post=7948"},{"taxonomy":"product_cat","embeddable":true,"href":"https:\/\/crousandgo.crous-reims.fr\/troyes\/wp-json\/wp\/v2\/product_cat?post=7948"},{"taxonomy":"product_tag","embeddable":true,"href":"https:\/\/crousandgo.crous-reims.fr\/troyes\/wp-json\/wp\/v2\/product_tag?post=7948"},{"taxonomy":"giftcard-category","embeddable":true,"href":"https:\/\/crousandgo.crous-reims.fr\/troyes\/wp-json\/wp\/v2\/giftcard-category?post=7948"}],"curies":[{"name":"wp","href":"https:\/\/api.w.org\/{rel}","templated":true}]}}